{"id":2372,"date":"2023-12-10T20:41:21","date_gmt":"2023-12-10T20:41:21","guid":{"rendered":"http:\/\/amazingromatours.com\/?page_id=2372"},"modified":"2024-07-06T21:53:24","modified_gmt":"2024-07-06T21:53:24","slug":"about","status":"publish","type":"page","link":"https:\/\/amazingromatours.com\/en\/about\/","title":{"rendered":"About"},"content":{"rendered":"<div class=\"wpb-content-wrapper\"><div class=\"vc-row-container container\"><div class=\"vc_row wpb_row vc_row-fluid\"><div class=\"wpb_column vc_column_container vc_col-sm-12\"><div class=\"vc_column-inner\"><div class=\"wpb_wrapper\">\n\t\t\t<!-- START About Slider REVOLUTION SLIDER 6.7.14 --><p class=\"rs-p-wp-fix\"><\/p>\n\t\t\t<rs-module-wrap id=\"rev_slider_7_1_wrapper\" data-source=\"gallery\" style=\"visibility:hidden;background:#1f1d24;padding:0;margin:0px auto;margin-top:0;margin-bottom:0;\">\n\t\t\t\t<rs-module id=\"rev_slider_7_1\" style=\"\" data-version=\"6.7.14\">\n\t\t\t\t\t<rs-slides style=\"overflow: hidden; position: absolute;\">\n\t\t\t\t\t\t<rs-slide style=\"position: absolute;\" data-key=\"rs-19\" data-title=\"Slide\" data-anim=\"ms:10;\" data-in=\"o:1;\" data-out=\"a:false;\">\n\t\t\t\t\t\t\t<img data-opt-id=2078393010  fetchpriority=\"high\" decoding=\"async\" src=\"https:\/\/mlojvvlklyrt.i.optimole.com\/w:auto\/h:auto\/q:mauto\/f:best\/https:\/\/amazingromatours.com\/wp-content\/plugins\/revslider\/sr6\/assets\/assets\/dummy.png\" alt=\"\" title=\"slider_bio\" width=\"1920\" height=\"650\" class=\"rev-slidebg tp-rs-img rs-lazyload\" data-lazyload=\"https:\/\/mlojvvlklyrt.i.optimole.com\/w:auto\/h:auto\/q:mauto\/f:best\/https:\/\/amazingromatours.com\/wp-content\/uploads\/2023\/12\/slider_bio.png\" data-bg=\"p:center top;f:100% 100%;\" data-parallax=\"off\" data-no-retina>\n<!--\n\t\t\t\t\t\t\t--><rs-layer\n\t\t\t\t\t\t\t\tid=\"slider-7-slide-19-layer-2\" \n\t\t\t\t\t\t\t\tdata-type=\"text\"\n\t\t\t\t\t\t\t\tdata-rsp_ch=\"on\"\n\t\t\t\t\t\t\t\tdata-xy=\"xo:40px,33px,25px,15px;y:m;\"\n\t\t\t\t\t\t\t\tdata-text=\"w:normal;s:56,46,34,20;l:70,57,43,26;\"\n\t\t\t\t\t\t\t\tdata-frame_0=\"o:1;\"\n\t\t\t\t\t\t\t\tdata-frame_0_chars=\"d:5;o:0;rX:-90deg;oZ:-50;\"\n\t\t\t\t\t\t\t\tdata-frame_1=\"sp:1750;\"\n\t\t\t\t\t\t\t\tdata-frame_1_chars=\"e:power4.inOut;d:10;oZ:-50;\"\n\t\t\t\t\t\t\t\tdata-frame_999=\"o:0;st:w;\"\n\t\t\t\t\t\t\t\tstyle=\"z-index:5;font-family:'Quicksand';\"\n\t\t\t\t\t\t\t>ABOUT \n\t\t\t\t\t\t\t<\/rs-layer><!--\n-->\t\t\t\t\t<\/rs-slide>\n\t\t\t\t\t<\/rs-slides>\n\t\t\t\t<\/rs-module>\n\t\t\t\t<script>\n\t\t\t\t\tsetREVStartSize({c: 'rev_slider_7_1',rl:[1240,1024,778,480],el:[650,650,650,650],gw:[1240,1024,778,480],gh:[650,650,650,650],type:'standard',justify:'',layout:'fullwidth',mh:\"0\"});if (window.RS_MODULES!==undefined && window.RS_MODULES.modules!==undefined && window.RS_MODULES.modules[\"revslider71\"]!==undefined) {window.RS_MODULES.modules[\"revslider71\"].once = false;window.revapi7 = undefined;if (window.RS_MODULES.checkMinimal!==undefined) window.RS_MODULES.checkMinimal()}\n\t\t\t\t<\/script>\n\t\t\t<\/rs-module-wrap>\n\t\t\t<!-- END REVOLUTION SLIDER -->\n<\/div><\/div><\/div><\/div><\/div><div class=\"vc-row-container container\"><div class=\"vc_row wpb_row vc_row-fluid\"><div class=\"wpb_column vc_column_container vc_col-sm-12\"><div class=\"vc_column-inner\"><div class=\"wpb_wrapper\"><div class=\"vc_empty_space\"   style=\"height: 100px\"><span class=\"vc_empty_space_inner\"><\/span><\/div><\/div><\/div><\/div><\/div><\/div><div class=\"vc-row-container vc-row-container--stretch-content-no-spaces\"><div data-vc-full-width=\"true\" data-vc-full-width-temp=\"true\" data-vc-full-width-init=\"false\" data-vc-stretch-content=\"true\" class=\"vc_row wpb_row vc_row-fluid vc_row-no-padding vc_row-o-equal-height vc_row-flex\"><div class=\"wpb_column vc_column_container vc_col-sm-6\"><div class=\"vc_column-inner vc_custom_1702242996989\"><div class=\"wpb_wrapper\">\n\t<div class=\"wpb_text_column wpb_content_element wpb_animate_when_almost_visible wpb_slideInLeft slideInLeft vc_custom_1702326485669 text-block post-formatting \" >\n\t\t<div class=\"wpb_wrapper\">\n\t\t\t<h1 style=\"text-align: right;\">Hallo, ich bin Sofia<\/h1>\n\n\t\t<\/div>\n\t<\/div>\n\n\t<div class=\"wpb_text_column wpb_content_element vc_custom_1720302802177 post-formatting \" >\n\t\t<div class=\"wpb_wrapper\">\n\t\t\t<p style=\"text-align: right;\"><strong>Hallo, ich bin Sofia, Italo-Serbin, in Deutschland geboren und teils aufgewachsen.<\/strong><\/p>\n<p style=\"text-align: right;\">Seit 2001 lebe ich in der faszinierendsten und vielseitigsten Stadt der Welt:\u00a0<strong>ROMA!<\/strong><\/p>\n<p style=\"text-align: right;\">Kurz vor meinem Master-Abschluss habe ich ein Jahr im bezaubernden C\u00e1diz\/Spanien verbracht. Hier bin ich in Kontakt mit Menschen aus aller Welt gekommen und habe ein unbeschreibliches Jahr verbracht. Als ich zur\u00fcckkam, war mir klar, dass ich in kein B\u00fcro geh\u00f6re und ich habe beschlossen, Stadtf\u00fchrerin zu werden, um den Rombesuchern diese wundersch\u00f6ne Stadt n\u00e4herzubringen!<\/p>\n<p style=\"text-align: right;\">Mein gr\u00f6\u00dfter Wunsch und Anliegen ist, dass meine F\u00fchrungen nicht nur informativ und spannend sind, sondern ein Erlebnis f\u00fcr meine Kunden. Und wenn sie dann zufrieden nach Hause gehen und mich zum Dankesch\u00f6n umarmen, das ist meine gr\u00f6\u00dfte Passion!<\/p>\n<p style=\"text-align: right;\">Was macht meine F\u00fchrungen au\u00dferdem besonders? Mein Spezialgebiet ist die \u201cversteckte Geschichte Roms\u201d: Kuriosit\u00e4ten, besondere Geschichten und Details, die einem sonst entgehen w\u00fcrden, werden bei mir unter die Lupe genommen\u2026. und das macht meine Touren definitiv\u00a0<strong>AMAZING!<\/strong><\/p>\n\n\t\t<\/div>\n\t<\/div>\n<\/div><\/div><\/div><div class=\"wpb_column vc_column_container vc_col-sm-6\"><div class=\"vc_column-inner\"><div class=\"wpb_wrapper\">\n\t<div  class=\"wpb_single_image wpb_content_element vc_align_left wpb_content_element\">\n\t\t\n\t\t<figure class=\"wpb_wrapper vc_figure\">\n\t\t\t<div class=\"vc_single_image-wrapper   vc_box_border_grey\"><img data-opt-id=1129904937  fetchpriority=\"high\" decoding=\"async\" width=\"400\" height=\"600\" src=\"https:\/\/mlojvvlklyrt.i.optimole.com\/w:auto\/h:auto\/q:mauto\/f:best\/https:\/\/amazingromatours.com\/wp-content\/uploads\/2023\/12\/U0A1072bn_2.jpg\" class=\"vc_single_image-img attachment-full\" alt=\"\" title=\"_U0A1072bn_2\" srcset=\"https:\/\/mlojvvlklyrt.i.optimole.com\/w:400\/h:600\/q:mauto\/f:best\/https:\/\/amazingromatours.com\/wp-content\/uploads\/2023\/12\/U0A1072bn_2.jpg 400w, https:\/\/mlojvvlklyrt.i.optimole.com\/w:200\/h:300\/q:mauto\/f:best\/https:\/\/amazingromatours.com\/wp-content\/uploads\/2023\/12\/U0A1072bn_2.jpg 200w, https:\/\/mlojvvlklyrt.i.optimole.com\/w:8\/h:12\/q:mauto\/f:best\/dpr:2\/https:\/\/amazingromatours.com\/wp-content\/uploads\/2023\/12\/U0A1072bn_2.jpg 8w\" sizes=\"(max-width: 400px) 100vw, 400px\" \/><\/div>\n\t\t<\/figure>\n\t<\/div>\n<\/div><\/div><\/div><\/div><div class=\"vc_row-full-width vc_clearfix\"><\/div><\/div><div class=\"vc-row-container container\"><div class=\"vc_row wpb_row vc_row-fluid\"><div class=\"wpb_column vc_column_container vc_col-sm-12\"><div class=\"vc_column-inner\"><div class=\"wpb_wrapper\"><\/div><\/div><\/div><\/div><\/div><div class=\"vc-row-container container\"><div class=\"vc_row wpb_row vc_row-fluid\"><div class=\"wpb_column vc_column_container vc_col-sm-12\"><div class=\"vc_column-inner\"><div class=\"wpb_wrapper\"><div class=\"vc_empty_space\"   style=\"height: 150px\"><span class=\"vc_empty_space_inner\"><\/span><\/div><\/div><\/div><\/div><\/div><\/div>\n<\/div>","protected":false},"excerpt":{"rendered":"ABOUT Hallo, ich bin Sofia Hallo, ich bin Sofia, Italo-Serbin, in Deutschland geboren und teils aufgewachsen. Seit 2001 lebe ich in der faszinierendsten und vielseitigsten Stadt der Welt:\u00a0ROMA! Kurz vor meinem Master-Abschluss habe ich ein Jahr im bezaubernden C\u00e1diz\/Spanien verbracht. Hier bin ich in Kontakt mit Menschen aus aller Welt gekommen und habe ein unbeschreibliches&hellip;","protected":false},"author":1,"featured_media":0,"parent":0,"menu_order":0,"comment_status":"closed","ping_status":"closed","template":"","meta":{"_acf_changed":false,"content-type":"","_bos_mb_destination":[""],"footnotes":""},"class_list":["post-2372","page","type-page","status-publish","hentry"],"acf":[],"aioseo_notices":[],"_links":{"self":[{"href":"https:\/\/amazingromatours.com\/en\/wp-json\/wp\/v2\/pages\/2372","targetHints":{"allow":["GET"]}}],"collection":[{"href":"https:\/\/amazingromatours.com\/en\/wp-json\/wp\/v2\/pages"}],"about":[{"href":"https:\/\/amazingromatours.com\/en\/wp-json\/wp\/v2\/types\/page"}],"author":[{"embeddable":true,"href":"https:\/\/amazingromatours.com\/en\/wp-json\/wp\/v2\/users\/1"}],"replies":[{"embeddable":true,"href":"https:\/\/amazingromatours.com\/en\/wp-json\/wp\/v2\/comments?post=2372"}],"version-history":[{"count":17,"href":"https:\/\/amazingromatours.com\/en\/wp-json\/wp\/v2\/pages\/2372\/revisions"}],"predecessor-version":[{"id":2816,"href":"https:\/\/amazingromatours.com\/en\/wp-json\/wp\/v2\/pages\/2372\/revisions\/2816"}],"wp:attachment":[{"href":"https:\/\/amazingromatours.com\/en\/wp-json\/wp\/v2\/media?parent=2372"}],"curies":[{"name":"wp","href":"https:\/\/api.w.org\/{rel}","templated":true}]}}